{"id":770,"date":"2024-01-20T21:00:32","date_gmt":"2024-01-20T18:00:32","guid":{"rendered":"https:\/\/tamersahinoglu.betterwith.agency\/?page_id=770"},"modified":"2024-04-22T17:23:33","modified_gmt":"2024-04-22T14:23:33","slug":"home-2","status":"publish","type":"page","link":"https:\/\/tamersahinoglu.com\/en\/","title":{"rendered":"Home"},"content":{"rendered":"<div  class=\"tpgb-container-row tpgb-block-0937_770  tpgb-section-height-min-height    alignfull   tpgb-container-full  \" data-id=\"0937_770\"  >\n<div class=\"tpgb-container-col tpgb-block-3f5c_770 \" data-id=\"3f5c_770\"  >\n<div  class=\"tpgb-container-row tpgb-block-be52_770     alignwide   tpgb-container-inline tpgb-container-wide  \" data-id=\"be52_770\"  ><div class=\"tpgb-cont-in\">\n<div class=\"tpgb-adv-typo tpgb-block-8dba_770 \"><div class=\"tpgb-adv-list-typo \"><div class=\"tpgb-text-typo tp-repeater-item-btex \"><a class=\"list-typo-text   \" href=\"#\" target=\"\" rel=\"\"  aria-label=\"Tamer \u015eahino\u011flu Personal Website\">Tamer \u015eahino\u011flu Personal Website<\/a><\/div><\/div><\/div>\n<\/div><\/div>\n\n<div  class=\"tpgb-container-row tpgb-block-2379_770     alignwide   tpgb-container-inline tpgb-container-wide  \" data-id=\"2379_770\"  ><div class=\"tpgb-cont-in\">\n<div class=\"tpgb-pro-paragraph tpgb-block-469e_770 \"><div class=\"pro-paragraph-inner \"><p class=\"tpgb-propara-txt\">Meet Tamer \u015eahino\u011flu, the creator of <br>works that bring life to the canvas.<\/p><\/div><\/div>\n<\/div><\/div>\n\n<div  class=\"tpgb-container-row tpgb-block-a506_770     alignwide   tpgb-container-inline tpgb-container-wide  \" data-id=\"a506_770\"  ><div class=\"tpgb-cont-in\">\n<div  class=\"tpgb-wrap-8826_770  tpgb-wrap-fw \"  ><div id=\"8826_770\" class=\"tpgb-block-8826_770 tpgb-relative-block tpgb-gallery-list tpgb-carousel splide gallery-style-4 hover-image-style-1   \" data-style=\"style-4\" data-id=\"8826_770\" data-layout=\"carousel\" data-fancy-option='{\"loop\":true,\"thumb\":\"no\",\"infobar\":true,\"arrows\":true,\"transitionEffect\":\"slide\",\"button\":[]}' data-splide='{\"updateOnMove\":true,\"direction\":\"ltr\",\"start\":0,\"autoplay\":false,\"speed\":1500,\"interval\":1500,\"drag\":true,\"type\":\"loop\",\"pauseOnHover\":false,\"pagination\":false,\"arrows\":false,\"padding\":0,\"perMove\":1,\"perPage\":4,\"wheel\":false,\"releaseWheel\":false,\"waitForTransition\":false,\"keyboard\":false,\"breakpoints\":{\"1024\":{\"pagination\":false,\"drag\":true,\"padding\":0,\"perMove\":1,\"perPage\":3,\"focus\":0},\"767\":{\"pagination\":false,\"drag\":true,\"padding\":0,\"perMove\":1,\"perPage\":2,\"focus\":0}},\"focus\":0,\"autoScroll\":{\"speed\":1,\"pauseOnHover\":false}}' ><div class=\" post-loop-inner splide__track\"><div class=\"splide__list\"><div class=\"grid-item metro-item-0 splide__slide  \"><div class=\"tpgb-gallery-list-content tpgb-trans-easeinout\"><div class=\"post-content-image\"><div class=\"tpgb-gallery-image tpgb-trans-easeinout-before\"><span class=\"thumb-wrap\"><img decoding=\"async\" width=\"1636\" height=\"904\" src=\"https:\/\/img.poweredcache.net\/tamersahinoglu.com\/wp-content\/uploads\/2024\/02\/a-turquoise-night-karisik-teknik.webp?rs=fit&amp;w=1636&amp;h=904&amp;ssl=1\" class=\"attachment-full size-full\" alt=\"a-turquoise-night-karisik-teknik\" loading=\"lazy\" srcset=\"https:\/\/img.poweredcache.net\/tamersahinoglu.com\/wp-content\/uploads\/2024\/02\/a-turquoise-night-karisik-teknik.webp?w=1636&amp;ssl=1 1636w, https:\/\/img.poweredcache.net\/tamersahinoglu.com\/wp-content\/uploads\/2024\/02\/a-turquoise-night-karisik-teknik.webp?rs=fill&amp;w=300&amp;h=166&amp;ssl=1 300w, https:\/\/img.poweredcache.net\/tamersahinoglu.com\/wp-content\/uploads\/2024\/02\/a-turquoise-night-karisik-teknik.webp?rs=fill&amp;w=1024&amp;h=566&amp;ssl=1 1024w, https:\/\/img.poweredcache.net\/tamersahinoglu.com\/wp-content\/uploads\/2024\/02\/a-turquoise-night-karisik-teknik.webp?rs=fill&amp;w=768&amp;h=424&amp;ssl=1 768w, https:\/\/img.poweredcache.net\/tamersahinoglu.com\/wp-content\/uploads\/2024\/02\/a-turquoise-night-karisik-teknik.webp?rs=fill&amp;w=1536&amp;h=849&amp;ssl=1 1536w\" sizes=\"auto, (max-width: 1200px) 100vw, 1200px\" \/><\/span><\/div><\/div><div class=\"post-content-center\"><div class=\"post-hover-content\"><\/div><\/div><\/div><\/div><div class=\"grid-item metro-item-1 splide__slide  \"><div class=\"tpgb-gallery-list-content tpgb-trans-easeinout\"><div class=\"post-content-image\"><div class=\"tpgb-gallery-image tpgb-trans-easeinout-before\"><span class=\"thumb-wrap\"><img decoding=\"async\" width=\"1634\" height=\"860\" src=\"https:\/\/img.poweredcache.net\/tamersahinoglu.com\/wp-content\/uploads\/2024\/02\/beyaz-fisilti-karisik-teknik.webp?rs=fit&amp;w=1634&amp;h=860&amp;ssl=1\" class=\"attachment-full size-full\" alt=\"beyaz-fisilti-karisik-teknik\" loading=\"lazy\" srcset=\"https:\/\/img.poweredcache.net\/tamersahinoglu.com\/wp-content\/uploads\/2024\/02\/beyaz-fisilti-karisik-teknik.webp?w=1634&amp;ssl=1 1634w, https:\/\/img.poweredcache.net\/tamersahinoglu.com\/wp-content\/uploads\/2024\/02\/beyaz-fisilti-karisik-teknik.webp?rs=fill&amp;w=300&amp;h=158&amp;ssl=1 300w, https:\/\/img.poweredcache.net\/tamersahinoglu.com\/wp-content\/uploads\/2024\/02\/beyaz-fisilti-karisik-teknik.webp?rs=fill&amp;w=1024&amp;h=539&amp;ssl=1 1024w, https:\/\/img.poweredcache.net\/tamersahinoglu.com\/wp-content\/uploads\/2024\/02\/beyaz-fisilti-karisik-teknik.webp?rs=fill&amp;w=768&amp;h=404&amp;ssl=1 768w, https:\/\/img.poweredcache.net\/tamersahinoglu.com\/wp-content\/uploads\/2024\/02\/beyaz-fisilti-karisik-teknik.webp?rs=fill&amp;w=1536&amp;h=808&amp;ssl=1 1536w\" sizes=\"auto, (max-width: 1200px) 100vw, 1200px\" \/><\/span><\/div><\/div><div class=\"post-content-center\"><div class=\"post-hover-content\"><\/div><\/div><\/div><\/div><div class=\"grid-item metro-item-2 splide__slide  \"><div class=\"tpgb-gallery-list-content tpgb-trans-easeinout\"><div class=\"post-content-image\"><div class=\"tpgb-gallery-image tpgb-trans-easeinout-before\"><span class=\"thumb-wrap\"><img decoding=\"async\" width=\"1634\" height=\"890\" src=\"https:\/\/img.poweredcache.net\/tamersahinoglu.com\/wp-content\/uploads\/2024\/02\/isik-sevinci-karisik-teknik.webp?rs=fit&amp;w=1634&amp;h=890&amp;ssl=1\" class=\"attachment-full size-full\" alt=\"isik-sevinci-karisik-teknik\" loading=\"lazy\" srcset=\"https:\/\/img.poweredcache.net\/tamersahinoglu.com\/wp-content\/uploads\/2024\/02\/isik-sevinci-karisik-teknik.webp?w=1634&amp;ssl=1 1634w, https:\/\/img.poweredcache.net\/tamersahinoglu.com\/wp-content\/uploads\/2024\/02\/isik-sevinci-karisik-teknik.webp?rs=fill&amp;w=300&amp;h=163&amp;ssl=1 300w, https:\/\/img.poweredcache.net\/tamersahinoglu.com\/wp-content\/uploads\/2024\/02\/isik-sevinci-karisik-teknik.webp?rs=fill&amp;w=1024&amp;h=558&amp;ssl=1 1024w, https:\/\/img.poweredcache.net\/tamersahinoglu.com\/wp-content\/uploads\/2024\/02\/isik-sevinci-karisik-teknik.webp?rs=fill&amp;w=768&amp;h=418&amp;ssl=1 768w, https:\/\/img.poweredcache.net\/tamersahinoglu.com\/wp-content\/uploads\/2024\/02\/isik-sevinci-karisik-teknik.webp?rs=fill&amp;w=1536&amp;h=837&amp;ssl=1 1536w\" sizes=\"auto, (max-width: 1200px) 100vw, 1200px\" \/><\/span><\/div><\/div><div class=\"post-content-center\"><div class=\"post-hover-content\"><\/div><\/div><\/div><\/div><div class=\"grid-item metro-item-3 splide__slide  \"><div class=\"tpgb-gallery-list-content tpgb-trans-easeinout\"><div class=\"post-content-image\"><div class=\"tpgb-gallery-image tpgb-trans-easeinout-before\"><span class=\"thumb-wrap\"><img decoding=\"async\" width=\"1634\" height=\"974\" src=\"https:\/\/img.poweredcache.net\/tamersahinoglu.com\/wp-content\/uploads\/2024\/02\/sakin-geceden-karisik-teknik.webp?rs=fit&amp;w=1634&amp;h=974&amp;ssl=1\" class=\"attachment-full size-full\" alt=\"sakin-geceden-karisik-teknik\" loading=\"lazy\" srcset=\"https:\/\/img.poweredcache.net\/tamersahinoglu.com\/wp-content\/uploads\/2024\/02\/sakin-geceden-karisik-teknik.webp?w=1634&amp;ssl=1 1634w, https:\/\/img.poweredcache.net\/tamersahinoglu.com\/wp-content\/uploads\/2024\/02\/sakin-geceden-karisik-teknik.webp?rs=fill&amp;w=300&amp;h=179&amp;ssl=1 300w, https:\/\/img.poweredcache.net\/tamersahinoglu.com\/wp-content\/uploads\/2024\/02\/sakin-geceden-karisik-teknik.webp?rs=fill&amp;w=1024&amp;h=610&amp;ssl=1 1024w, https:\/\/img.poweredcache.net\/tamersahinoglu.com\/wp-content\/uploads\/2024\/02\/sakin-geceden-karisik-teknik.webp?rs=fill&amp;w=768&amp;h=458&amp;ssl=1 768w, https:\/\/img.poweredcache.net\/tamersahinoglu.com\/wp-content\/uploads\/2024\/02\/sakin-geceden-karisik-teknik.webp?rs=fill&amp;w=1536&amp;h=916&amp;ssl=1 1536w\" sizes=\"auto, (max-width: 1200px) 100vw, 1200px\" \/><\/span><\/div><\/div><div class=\"post-content-center\"><div class=\"post-hover-content\"><\/div><\/div><\/div><\/div><div class=\"grid-item metro-item-4 splide__slide  \"><div class=\"tpgb-gallery-list-content tpgb-trans-easeinout\"><div class=\"post-content-image\"><div class=\"tpgb-gallery-image tpgb-trans-easeinout-before\"><span class=\"thumb-wrap\"><img decoding=\"async\" width=\"1330\" height=\"800\" src=\"https:\/\/img.poweredcache.net\/tamersahinoglu.com\/wp-content\/uploads\/2024\/02\/son-cagri-karisik-teknik.webp?rs=fit&amp;w=1330&amp;h=800&amp;ssl=1\" class=\"attachment-full size-full\" alt=\"son-cagri-karisik-teknik\" loading=\"lazy\" srcset=\"https:\/\/img.poweredcache.net\/tamersahinoglu.com\/wp-content\/uploads\/2024\/02\/son-cagri-karisik-teknik.webp?w=1330&amp;ssl=1 1330w, https:\/\/img.poweredcache.net\/tamersahinoglu.com\/wp-content\/uploads\/2024\/02\/son-cagri-karisik-teknik.webp?rs=fill&amp;w=300&amp;h=180&amp;ssl=1 300w, https:\/\/img.poweredcache.net\/tamersahinoglu.com\/wp-content\/uploads\/2024\/02\/son-cagri-karisik-teknik.webp?rs=fill&amp;w=1024&amp;h=616&amp;ssl=1 1024w, https:\/\/img.poweredcache.net\/tamersahinoglu.com\/wp-content\/uploads\/2024\/02\/son-cagri-karisik-teknik.webp?rs=fill&amp;w=768&amp;h=462&amp;ssl=1 768w\" sizes=\"auto, (max-width: 1200px) 100vw, 1200px\" \/><\/span><\/div><\/div><div class=\"post-content-center\"><div class=\"post-hover-content\"><\/div><\/div><\/div><\/div><div class=\"grid-item metro-item-5 splide__slide  \"><div class=\"tpgb-gallery-list-content tpgb-trans-easeinout\"><div class=\"post-content-image\"><div class=\"tpgb-gallery-image tpgb-trans-easeinout-before\"><span class=\"thumb-wrap\"><img decoding=\"async\" width=\"1628\" height=\"990\" src=\"https:\/\/img.poweredcache.net\/tamersahinoglu.com\/wp-content\/uploads\/2024\/02\/zamanda-bir-an-karisik-teknik.webp?rs=fit&amp;w=1628&amp;h=990&amp;ssl=1\" class=\"attachment-full size-full\" alt=\"zamanda-bir-an-karisik-teknik\" loading=\"lazy\" srcset=\"https:\/\/img.poweredcache.net\/tamersahinoglu.com\/wp-content\/uploads\/2024\/02\/zamanda-bir-an-karisik-teknik.webp?w=1628&amp;ssl=1 1628w, https:\/\/img.poweredcache.net\/tamersahinoglu.com\/wp-content\/uploads\/2024\/02\/zamanda-bir-an-karisik-teknik.webp?rs=fill&amp;w=300&amp;h=182&amp;ssl=1 300w, https:\/\/img.poweredcache.net\/tamersahinoglu.com\/wp-content\/uploads\/2024\/02\/zamanda-bir-an-karisik-teknik.webp?rs=fill&amp;w=1024&amp;h=623&amp;ssl=1 1024w, https:\/\/img.poweredcache.net\/tamersahinoglu.com\/wp-content\/uploads\/2024\/02\/zamanda-bir-an-karisik-teknik.webp?rs=fill&amp;w=768&amp;h=467&amp;ssl=1 768w, https:\/\/img.poweredcache.net\/tamersahinoglu.com\/wp-content\/uploads\/2024\/02\/zamanda-bir-an-karisik-teknik.webp?rs=fill&amp;w=1536&amp;h=934&amp;ssl=1 1536w\" sizes=\"auto, (max-width: 1200px) 100vw, 1200px\" \/><\/span><\/div><\/div><div class=\"post-content-center\"><div class=\"post-hover-content\"><\/div><\/div><\/div><\/div><\/div><\/div><\/div><\/div>\n<\/div><\/div>\n<\/div>\n\n<div class=\"tpgb-container-col tpgb-block-bca1_770 \" data-id=\"bca1_770\"  ><\/div>\n<\/div>\n\n<div  class=\"tpgb-container-row tpgb-block-daf4_770     alignwide   tpgb-container-wide  \" data-id=\"daf4_770\"  ><div class=\"tpgb-cont-in\">\n<div class=\"tpgb-container-col tpgb-block-bf0a_770 \" data-id=\"bf0a_770\"  >\n<div class=\"tpgb-pro-paragraph tpgb-block-8f3d_770 \"><h3 class=\"pro-heading-inner\">About<\/h3><div class=\"pro-paragraph-inner \"><p class=\"tpgb-propara-txt\">Art career that began in 1985 quickly gained attention due to the rapid expansion of his professional network. In 1990, he opened his first joint exhibition. Reflecting the rich cultural history of Turkey in his works, Tamer \u015eahino\u011flu synthesizes it into his art. Known for incorporating different techniques into his pieces, \u015eahino\u011flu has garnered appreciation from both national and international circles in recent years.<\/p><\/div><\/div>\n<\/div>\n\n<div class=\"tpgb-container-col tpgb-block-7023_770 \" data-id=\"7023_770\"  >\n\n<h3 class=\"wp-block-tpgb-tp-heading tp-core-heading tpgb-block-63d9_770\">Upcoming Events<\/h3>\n\n\n<div  class=\"tpgb-wrap-d933_770  tpgb-wrap-fw \"  ><div id=\"d933_770\" class=\"tpgb-post-listing   tpgb-block-d933_770 dynamic-custom tpgb-isotope    tpgb-relative-block\" data-id=\"d933_770\" data-style=\"dynamic-custom\" data-layout=\"grid\" data-splide='\"\"' data-connection=\"tpgb_search\"  ><div class=\"post-loop-inner tpgb-row\" ><div class=\"grid-item  tpgb-col tpgb-col-lg-12 tpgb-col-md-6 tpgb-col-sm-12 tpgb-col-12  \"><div  class=\"tpgb-container-row tpgb-block-0905_788     alignfull   tpgb-container-full  \" data-id=\"0905_788\"  >\n<div class=\"tpgb-container-col tpgb-block-ce27_788 \" data-id=\"ce27_788\"  >\n\n<span class=\"wp-block-tpgb-tp-heading tp-core-heading tpgb-block-e512_788\"><span data-tpgb-dynamic=\"{&quot;dynamicField&quot;:&quot;e-tarih&quot;,&quot;oldVal&quot;:&quot;Add Your Heading Text Here&quot;}\">We couldn&#8217;t get content in backend. Visit Frontend.<\/span><\/span>\n\n\n\n<span class=\"wp-block-tpgb-tp-heading tp-core-heading tpgb-block-00fd_788\"><span data-tpgb-dynamic=\"{&quot;dynamicField&quot;:&quot;e-konum&quot;,&quot;oldVal&quot;:&quot;Add Your Heading Text Here&quot;}\">We couldn&#8217;t get content in backend. Visit Frontend.<\/span><\/span>\n\n<\/div>\n\n<div class=\"tpgb-container-col tpgb-block-b58e_788 \" data-id=\"b58e_788\"  >\n<div class=\"tpgb-adv-typo tpgb-block-dd80_788 \"><div class=\"tpgb-adv-single-typo tpgb-trans-linear \"><span id=\"tpgb-adv-dd80_788\" class=\"text-content-block  \"  aria-label=\"&lt;span data-tpgb-dynamic=&#039;{&quot;dynamicField&quot;:&quot;post-title&quot;,&quot;oldVal&quot;:&quot;Your Text Content&quot;}&#039;&gt;Etkinlik Template&lt;\/span&gt;\"><span data-tpgb-dynamic='{&quot;dynamicField&quot;:&quot;post-title&quot;,&quot;oldVal&quot;:&quot;Your Text Content&quot;}'>Etkinlik Template<\/span><\/span><\/div><\/div>\n<\/div>\n\n<div class=\"tpgb-container-col tpgb-block-3829_788 \" data-id=\"3829_788\"  >\n<div class=\"tpgb-plus-button tpgb-relative-block tpgb-block-43c9_788 button-style-1   \"><div class=\"animted-content-inner\"><a href=\"https:\/\/tamersahinoglu.com\/en\/etkinlik\/iaaf-izmir-sanat-fuari\/\"   class=\"button-link-wrap tpgb-trans-linear    \" role=\"button\" aria-label=\"View\" data-hover=\"\" ><span>View<span class=\"btn-icon tpgb-trans-linear  button-after\"><i class=\"fa fa-chevron-right\"><\/i><\/span><\/span><\/a><\/div><\/div>\n<\/div>\n<\/div><\/div><\/div><\/div><\/div>\n<\/div>\n<\/div><\/div>\n\n<div  class=\"tpgb-container-row tpgb-block-d6c1_770  tpgb-container-770   tpgb-scroll-parallax  alignwide   tpgb-container-inline tpgb-container-wide  \" data-id=\"d6c1_770\"  ><div class=\"tpgb-row-background  \"><div id=\"d6c1_770\" class=\"tpgb-deep-layer d6c1_770 \"  ><\/div><\/div><div class=\"tpgb-cont-in\"><\/div><\/div>","protected":false},"excerpt":{"rendered":"","protected":false},"author":1,"featured_media":0,"parent":0,"menu_order":0,"comment_status":"closed","ping_status":"closed","template":"","meta":{"_acf_changed":false,"tpgb_global_settings":"","powered_cache_disable_cache":false,"powered_cache_disable_lazyload":false,"powered_cache_disable_css_optimization":false,"powered_cache_disable_js_optimization":false,"powered_cache_disable_js_defer":false,"powered_cache_disable_js_delay":false,"footnotes":""},"class_list":["post-770","page","type-page","status-publish","hentry"],"acf":[],"tpgb_featured_images":null,"tpgb_post_meta_info":{"get_date":"20 January 2024","get_modified_date":"22 April 2024","author_name":"tamersahinoglu","author_url":"https:\/\/tamersahinoglu.com\/en\/author\/tamersahinoglu\/","author_email":"info@bw.agency","author_website":"https:\/\/tamersahinoglu.com","author_description":"","author_facebook":"","author_twitter":"","author_instagram":"","author_role":["administrator"],"author_firstname":"","author_lastname":"","user_login":"tamersahinoglu","author_avatar":"<img alt='' src='https:\/\/secure.gravatar.com\/avatar\/0b62641e64017fcfad17262c1f2f6d64eb89bc075ba90169eb0a865c8d52d7c2?s=200&#038;d=mm&#038;r=g' srcset='https:\/\/secure.gravatar.com\/avatar\/0b62641e64017fcfad17262c1f2f6d64eb89bc075ba90169eb0a865c8d52d7c2?s=400&#038;d=mm&#038;r=g 2x' class='avatar avatar-200 photo' height='200' width='200' decoding='async'\/>","author_avatar_url":"https:\/\/secure.gravatar.com\/avatar\/0b62641e64017fcfad17262c1f2f6d64eb89bc075ba90169eb0a865c8d52d7c2?s=96&d=mm&r=g","comment_count":0,"post_likes":0,"post_views":0},"tpgb_post_category":[],"_links":{"self":[{"href":"https:\/\/tamersahinoglu.com\/en\/wp-json\/wp\/v2\/pages\/770","targetHints":{"allow":["GET"]}}],"collection":[{"href":"https:\/\/tamersahinoglu.com\/en\/wp-json\/wp\/v2\/pages"}],"about":[{"href":"https:\/\/tamersahinoglu.com\/en\/wp-json\/wp\/v2\/types\/page"}],"author":[{"embeddable":true,"href":"https:\/\/tamersahinoglu.com\/en\/wp-json\/wp\/v2\/users\/1"}],"replies":[{"embeddable":true,"href":"https:\/\/tamersahinoglu.com\/en\/wp-json\/wp\/v2\/comments?post=770"}],"version-history":[{"count":0,"href":"https:\/\/tamersahinoglu.com\/en\/wp-json\/wp\/v2\/pages\/770\/revisions"}],"wp:attachment":[{"href":"https:\/\/tamersahinoglu.com\/en\/wp-json\/wp\/v2\/media?parent=770"}],"curies":[{"name":"wp","href":"https:\/\/api.w.org\/{rel}","templated":true}]}}