{"id":779,"date":"2024-01-20T21:00:32","date_gmt":"2024-01-20T18:00:32","guid":{"rendered":"https:\/\/tamersahinoglu.betterwith.agency\/contact\/"},"modified":"2024-04-22T17:02:53","modified_gmt":"2024-04-22T14:02:53","slug":"contact","status":"publish","type":"page","link":"https:\/\/tamersahinoglu.com\/en\/contact\/","title":{"rendered":"Contact"},"content":{"rendered":"<div  class=\"tpgb-container-row tpgb-block-0937_779  tpgb-section-height-min-height    alignfull   tpgb-container-full  \" data-id=\"0937_779\"  >\n<div class=\"tpgb-container-col tpgb-block-3f5c_779 \" data-id=\"3f5c_779\"  >\n<div  class=\"tpgb-container-row tpgb-block-be52_779     alignwide   tpgb-container-inline tpgb-container-wide  \" data-id=\"be52_779\"  ><div class=\"tpgb-cont-in\">\n<div  class=\"tpgb-wrap-cb61_779   tpgb-anim-dur-fast tpgb-view-animation\" data-animationSetting='{&quot;anime&quot;:{&quot;md&quot;:&quot;fadeIn&quot;,&quot;sm&quot;:&quot;&quot;,&quot;xs&quot;:&quot;&quot;}}' >\n<h1 class=\"wp-block-tpgb-tp-heading tp-core-heading tpgb-block-cb61_779\"><span data-tpgb-dynamic='{\"dynamicField\":\"post-title\",\"titlePre\":\"\",\"titlePost\":\"\",\"dateFormat\":\"\",\"oldVal\":\"Add Your Heading Text Here\",\"incContext\":true,\"proTerm\":\"product_cat\",\"termSep\":\",\",\"priceFor\":\"both\",\"stText\":true,\"ratFormat\":\"average_rating\",\"advsetting\":false,\"fallBacktxt\":\"\"}'>\u00c7al\u0131\u015fmalar<\/span><\/h1>\n<\/div>\n<\/div><\/div>\n\n<div  class=\"tpgb-container-row tpgb-block-2379_779     alignwide   tpgb-container-inline tpgb-container-wide  \" data-id=\"2379_779\"  ><div class=\"tpgb-cont-in\">\n<div  class=\"tpgb-wrap-469e_779   tpgb-anim-dur-normal tpgb-view-animation\" data-animationSetting='{&quot;anime&quot;:{&quot;md&quot;:&quot;fadeIn&quot;,&quot;sm&quot;:&quot;&quot;,&quot;xs&quot;:&quot;&quot;}}' ><div class=\"tpgb-pro-paragraph tpgb-block-469e_779 \"><div class=\"pro-paragraph-inner \"><p class=\"tpgb-propara-txt\">Contact Tamer \u015eahino\u011flu, the creator<br>of the works that give life to the canvas.<\/p><\/div><\/div><\/div>\n<\/div><\/div>\n<\/div>\n\n<div class=\"tpgb-container-col tpgb-block-bca1_779 \" data-id=\"bca1_779\"  ><\/div>\n<\/div>\n\n<div  class=\"tpgb-container-row tpgb-block-1a14_779     alignwide   tpgb-container-wide  \" data-id=\"1a14_779\"  ><div class=\"tpgb-cont-in\">\n<div class=\"tpgb-container-col tpgb-block-b3d3_779 \" data-id=\"b3d3_779\"  >\n<div class=\"tpgb-pro-paragraph tpgb-block-c9be_779 \"><h3 class=\"pro-heading-inner\">Contact Information<\/h3><div class=\"pro-paragraph-inner \"><p class=\"tpgb-propara-txt\">To get in touch, you can use the social media tools below or fill out the contact form on the screen.<\/p><\/div><\/div>\n\n<div class=\"tpgb-stylist-list tpgb-relative-block tpgb-block-c9e1_779  align-left  \" ><div class=\"tpgb-icon-list-items d-flex-top\"><div id=\"tooltip69d27271780e3\" class=\"tpgb-icon-list-item tp-repeater-item-0 active\"  ><a href=\"https:\/\/maps.app.goo.gl\/46cPY7TpMvCcfCS2A\" target=\"_blank\" rel=\"noopener\"><div class=\"tpgb-icon-list-icon\"><i class=\"list-icon fas fa-map-marker-alt\" aria-hidden=\"true\"><\/i><\/div><div class=\"tpgb-icon-list-text\"><p>Tepecik Mh. Hamam Sk. No: 22\/A 48400 Bodrum, MU\u011eLA<\/p><\/div><\/a><\/div><div id=\"tooltip69d272717813a\" class=\"tpgb-icon-list-item tp-repeater-item-1 \"  ><a href=\"tel:905325953100\" target=\"_blank\"  ><div class=\"tpgb-icon-list-icon\"><i class=\"list-icon fas fa-phone-alt\" aria-hidden=\"true\"><\/i><\/div><div class=\"tpgb-icon-list-text\"><p>+90 532 595 31 00<\/p><\/div><\/a><\/div><\/div><\/div>\n\n\n<iframe src=\"https:\/\/www.google.com\/maps\/embed?pb=!1m18!1m12!1m3!1d3184.839419050078!2d27.422997476898274!3d37.037474972180455!2m3!1f0!2f0!3f0!3m2!1i1024!2i768!4f13.1!3m3!1m2!1s0x14be6c4737f23c67%3A0xcede108a01a1fb67!2sTepecik%2C%20Hamam%20Sk.%20No%3A22%20D%3Aa%2C%2048440%20Bodrum%2FMu%C4%9Fla!5e0!3m2!1str!2str!4v1713794205205!5m2!1str!2str\" width=\"100%\" height=\"150\" style=\"border:0;\" allowfullscreen=\"\" loading=\"lazy\" referrerpolicy=\"no-referrer-when-downgrade\"><\/iframe>\n\n\n<div class=\"tpgb-social-icons style-16  text-left tpgb-block-27c2_779 \"><div class=\"tpgb-social-list \"><div id=\"tooltip69d2727178220\" class=\" social-icon-tooltip tp-repeater-item-1 style-16 \"  ><div class=\"tpgb-social-loop-inner \"><a class=\"tpgb-icon-link \" href=\"https:\/\/instagram.com\/tamersahinoglu.art\" aria-label=\"Instagram\" target=\"_blank\" rel=\"noopener\"><span class=\"tpgb-social-icn \"><i class=\"fab fa-instagram\"><\/i><\/span><\/a><\/div><\/div><div id=\"tooltip69d2727178234\" class=\" social-icon-tooltip tp-repeater-item-0 style-16 \"  ><div class=\"tpgb-social-loop-inner \"><a class=\"tpgb-icon-link \" href=\"https:\/\/facebook.com\/tamersahinoglu.art\" aria-label=\"Facebook\" target=\"_blank\" rel=\"noopener\"><span class=\"tpgb-social-icn \"><i class=\"fab fa-facebook-f\"><\/i><\/span><\/a><\/div><\/div><div id=\"tooltip69d272717823a\" class=\" social-icon-tooltip tp-repeater-item-2 style-16 \"  ><div class=\"tpgb-social-loop-inner \"><a class=\"tpgb-icon-link \" href=\"tel:905325953100\" aria-label=\"Phone\"   ><span class=\"tpgb-social-icn \"><i class=\"fas fa-phone-alt\"><\/i><\/span><\/a><\/div><\/div><div id=\"tooltip69d2727178245\" class=\" social-icon-tooltip tp-repeater-item-ul6r style-16 \"  ><div class=\"tpgb-social-loop-inner \"><a class=\"tpgb-icon-link \" href=\"mailto:info@tamersahinoglu.com\" aria-label=\"Mail\"   ><span class=\"tpgb-social-icn \"><i class=\"far fa-envelope\"><\/i><\/span><\/a><\/div><\/div><\/div><\/div>\n<\/div>\n\n<div class=\"tpgb-container-col tpgb-block-f58c_779 \" data-id=\"f58c_779\"  >\n<div class=\"tpgb-external-form-styler tpgb-relative-block tpgb-block-3b26_779 \"><div class=\"tpgb-contact-form-7 tpgb-cf7-label\">\n<div class=\"wpcf7 no-js\" id=\"wpcf7-f820-o1\" lang=\"tr-TR\" dir=\"ltr\" data-wpcf7-id=\"820\">\n<div class=\"screen-reader-response\"><p role=\"status\" aria-live=\"polite\" aria-atomic=\"true\"><\/p> <ul><\/ul><\/div>\n<form action=\"\/en\/wp-json\/wp\/v2\/pages\/779#wpcf7-f820-o1\" method=\"post\" class=\"wpcf7-form init\" aria-label=\"\u0130leti\u015fim Formu\" novalidate=\"novalidate\" data-status=\"init\">\n<fieldset class=\"hidden-fields-container\"><input type=\"hidden\" name=\"_wpcf7\" value=\"820\" \/><input type=\"hidden\" name=\"_wpcf7_version\" value=\"6.1.5\" \/><input type=\"hidden\" name=\"_wpcf7_locale\" value=\"tr_TR\" \/><input type=\"hidden\" name=\"_wpcf7_unit_tag\" value=\"wpcf7-f820-o1\" \/><input type=\"hidden\" name=\"_wpcf7_container_post\" value=\"0\" \/><input type=\"hidden\" name=\"_wpcf7_posted_data_hash\" value=\"\" \/>\n<\/fieldset>\n<p><span class=\"wpcf7-form-control-wrap\" data-name=\"your-name\"><input size=\"40\" maxlength=\"400\" class=\"wpcf7-form-control wpcf7-text wpcf7-validates-as-required\" autocomplete=\"name\" aria-required=\"true\" aria-invalid=\"false\" placeholder=\"Name and Surname\" value=\"\" type=\"text\" name=\"your-name\" \/><\/span>\n<\/p>\n<p><span class=\"wpcf7-form-control-wrap\" data-name=\"your-email\"><input size=\"40\" maxlength=\"400\" class=\"wpcf7-form-control wpcf7-email wpcf7-validates-as-required wpcf7-text wpcf7-validates-as-email\" autocomplete=\"email\" aria-required=\"true\" aria-invalid=\"false\" placeholder=\"Your E-Mail\" value=\"\" type=\"email\" name=\"your-email\" \/><\/span>\n<\/p>\n<p><span class=\"wpcf7-form-control-wrap\" data-name=\"telefon\"><input size=\"40\" maxlength=\"400\" class=\"wpcf7-form-control wpcf7-tel wpcf7-validates-as-required wpcf7-text wpcf7-validates-as-tel\" aria-required=\"true\" aria-invalid=\"false\" placeholder=\"Your Phone Number\" value=\"\" type=\"tel\" name=\"telefon\" \/><\/span>\n<\/p>\n<p><span class=\"wpcf7-form-control-wrap\" data-name=\"your-message\"><textarea cols=\"40\" rows=\"10\" maxlength=\"2000\" class=\"wpcf7-form-control wpcf7-textarea wpcf7-validates-as-required\" aria-required=\"true\" aria-invalid=\"false\" placeholder=\"Enter the message you want to send to Tamer \u015eahino\u011flu in this field.\" name=\"your-message\"><\/textarea><\/span>\n<\/p>\n<p><div class=\"cf7-cf-turnstile\" style=\"margin-top: 0px; margin-bottom: -15px;\"> <div id=\"cf-turnstile-cf7-3249181980\" class=\"cf-turnstile\" data-sitekey=\"0x4AAAAAAAUagKlJgbFOFlbo\" data-theme=\"light\" data-language=\"auto\" data-size=\"\" data-retry=\"auto\" data-retry-interval=\"1000\" data-refresh-expired=\"auto\" data-action=\"contact-form-7\" data-appearance=\"always\"><\/div> <script>document.addEventListener(\"DOMContentLoaded\", function() { setTimeout(function(){ var e=document.getElementById(\"cf-turnstile-cf7-3249181980\"); e&&!e.innerHTML.trim()&&(turnstile.remove(\"#cf-turnstile-cf7-3249181980\"), turnstile.render(\"#cf-turnstile-cf7-3249181980\", {sitekey:\"0x4AAAAAAAUagKlJgbFOFlbo\"})); }, 100); });<\/script> <br class=\"cf-turnstile-br cf-turnstile-br-cf7-3249181980\"> <style>#cf-turnstile-cf7-3249181980 { margin-left: -15px; }<\/style> <script>document.addEventListener(\"DOMContentLoaded\",function(){document.querySelectorAll('.wpcf7-form').forEach(function(e){e.addEventListener('submit',function(){if(document.getElementById('cf-turnstile-cf7-3249181980')){setTimeout(function(){turnstile.reset('#cf-turnstile-cf7-3249181980');},1000)}})})});<\/script> <\/div><br\/><input class=\"wpcf7-form-control wpcf7-submit has-spinner\" type=\"submit\" value=\"Send\" \/>\n<\/p><p style=\"display: none !important;\" class=\"akismet-fields-container\" data-prefix=\"_wpcf7_ak_\"><label>&#916;<textarea name=\"_wpcf7_ak_hp_textarea\" cols=\"45\" rows=\"8\" maxlength=\"100\"><\/textarea><\/label><input type=\"hidden\" id=\"ak_js_1\" name=\"_wpcf7_ak_js\" value=\"6\"\/><script>document.getElementById( \"ak_js_1\" ).setAttribute( \"value\", ( new Date() ).getTime() );<\/script><\/p><div class=\"wpcf7-response-output\" aria-hidden=\"true\"><\/div>\n<\/form>\n<\/div>\n<\/div><\/div>\n<\/div>\n<\/div><\/div>","protected":false},"excerpt":{"rendered":"","protected":false},"author":1,"featured_media":0,"parent":0,"menu_order":0,"comment_status":"closed","ping_status":"closed","template":"","meta":{"_acf_changed":false,"tpgb_global_settings":"","powered_cache_disable_cache":false,"powered_cache_disable_lazyload":false,"powered_cache_disable_css_optimization":false,"powered_cache_disable_js_optimization":false,"powered_cache_disable_js_defer":false,"powered_cache_disable_js_delay":false,"footnotes":""},"class_list":["post-779","page","type-page","status-publish","hentry"],"acf":[],"tpgb_featured_images":null,"tpgb_post_meta_info":{"get_date":"20 January 2024","get_modified_date":"22 April 2024","author_name":"tamersahinoglu","author_url":"https:\/\/tamersahinoglu.com\/en\/author\/tamersahinoglu\/","author_email":"info@bw.agency","author_website":"https:\/\/tamersahinoglu.com","author_description":"","author_facebook":"","author_twitter":"","author_instagram":"","author_role":["administrator"],"author_firstname":"","author_lastname":"","user_login":"tamersahinoglu","author_avatar":"<img alt='' src='https:\/\/secure.gravatar.com\/avatar\/0b62641e64017fcfad17262c1f2f6d64eb89bc075ba90169eb0a865c8d52d7c2?s=200&#038;d=mm&#038;r=g' srcset='https:\/\/secure.gravatar.com\/avatar\/0b62641e64017fcfad17262c1f2f6d64eb89bc075ba90169eb0a865c8d52d7c2?s=400&#038;d=mm&#038;r=g 2x' class='avatar avatar-200 photo' height='200' width='200' decoding='async'\/>","author_avatar_url":"https:\/\/secure.gravatar.com\/avatar\/0b62641e64017fcfad17262c1f2f6d64eb89bc075ba90169eb0a865c8d52d7c2?s=96&d=mm&r=g","comment_count":0,"post_likes":0,"post_views":0},"tpgb_post_category":[],"_links":{"self":[{"href":"https:\/\/tamersahinoglu.com\/en\/wp-json\/wp\/v2\/pages\/779","targetHints":{"allow":["GET"]}}],"collection":[{"href":"https:\/\/tamersahinoglu.com\/en\/wp-json\/wp\/v2\/pages"}],"about":[{"href":"https:\/\/tamersahinoglu.com\/en\/wp-json\/wp\/v2\/types\/page"}],"author":[{"embeddable":true,"href":"https:\/\/tamersahinoglu.com\/en\/wp-json\/wp\/v2\/users\/1"}],"replies":[{"embeddable":true,"href":"https:\/\/tamersahinoglu.com\/en\/wp-json\/wp\/v2\/comments?post=779"}],"version-history":[{"count":0,"href":"https:\/\/tamersahinoglu.com\/en\/wp-json\/wp\/v2\/pages\/779\/revisions"}],"wp:attachment":[{"href":"https:\/\/tamersahinoglu.com\/en\/wp-json\/wp\/v2\/media?parent=779"}],"curies":[{"name":"wp","href":"https:\/\/api.w.org\/{rel}","templated":true}]}}