{"id":780,"date":"2024-01-20T21:00:32","date_gmt":"2024-01-20T18:00:32","guid":{"rendered":"https:\/\/tamersahinoglu.betterwith.agency\/exhibitions\/"},"modified":"2024-03-08T15:16:21","modified_gmt":"2024-03-08T12:16:21","slug":"exhibitions","status":"publish","type":"page","link":"https:\/\/tamersahinoglu.com\/en\/exhibitions\/","title":{"rendered":"Exhibitions"},"content":{"rendered":"<div  class=\"tpgb-container-row tpgb-block-0937_780  tpgb-section-height-min-height    alignfull   tpgb-container-full  \" data-id=\"0937_780\"  >\n<div class=\"tpgb-container-col tpgb-block-3f5c_780 \" data-id=\"3f5c_780\"  >\n<div  class=\"tpgb-container-row tpgb-block-be52_780     alignwide   tpgb-container-inline tpgb-container-wide  \" data-id=\"be52_780\"  ><div class=\"tpgb-cont-in\">\n<div  class=\"tpgb-wrap-cb61_780   tpgb-anim-dur-fast tpgb-view-animation\" data-animationSetting='{&quot;anime&quot;:{&quot;md&quot;:&quot;fadeIn&quot;,&quot;sm&quot;:&quot;&quot;,&quot;xs&quot;:&quot;&quot;}}' >\n<h1 class=\"wp-block-tpgb-tp-heading tp-core-heading tpgb-block-cb61_780\"><span data-tpgb-dynamic='{\"dynamicField\":\"post-title\",\"titlePre\":\"\",\"titlePost\":\"\",\"dateFormat\":\"\",\"oldVal\":\"Add Your Heading Text Here\",\"incContext\":true,\"proTerm\":\"product_cat\",\"termSep\":\",\",\"priceFor\":\"both\",\"stText\":true,\"ratFormat\":\"average_rating\",\"advsetting\":false,\"fallBacktxt\":\"\"}'>\u00c7al\u0131\u015fmalar<\/span><\/h1>\n<\/div>\n<\/div><\/div>\n\n<div  class=\"tpgb-container-row tpgb-block-2379_780     alignwide   tpgb-container-inline tpgb-container-wide  \" data-id=\"2379_780\"  ><div class=\"tpgb-cont-in\">\n<div  class=\"tpgb-wrap-469e_780   tpgb-anim-dur-normal tpgb-view-animation\" data-animationSetting='{&quot;anime&quot;:{&quot;md&quot;:&quot;fadeIn&quot;,&quot;sm&quot;:&quot;&quot;,&quot;xs&quot;:&quot;&quot;}}' ><div class=\"tpgb-pro-paragraph tpgb-block-469e_780 \"><div class=\"pro-paragraph-inner \"><p class=\"tpgb-propara-txt\">Explore the Past Exhibitions of Tamer \u015eahino\u011flu,<br>the Creator of Artworks Breathing Life into Canvas.<\/p><\/div><\/div><\/div>\n<\/div><\/div>\n<\/div>\n\n<div class=\"tpgb-container-col tpgb-block-bca1_780 \" data-id=\"bca1_780\"  ><\/div>\n<\/div>\n\n<div  class=\"tpgb-container-row tpgb-block-1a14_780     alignwide   tpgb-container-wide  \" data-id=\"1a14_780\"  ><div class=\"tpgb-cont-in\">\n<div class=\"tpgb-container-col tpgb-block-b3d3_780 \" data-id=\"b3d3_780\"  >\n<div class=\"tpgb-pro-paragraph tpgb-block-c9be_780 \"><h3 class=\"pro-heading-inner\">Istanbul Beyo\u011flu Municipality Art Gallery Exhibition<\/h3><div class=\"pro-paragraph-inner \"><p class=\"tpgb-propara-txt\">1996<\/p><\/div><\/div>\n<\/div>\n\n<div class=\"tpgb-container-col tpgb-block-f58c_780 \" data-id=\"f58c_780\"  ><\/div>\n<\/div><\/div>\n\n<div  class=\"tpgb-container-row tpgb-block-d515_780     alignwide   tpgb-container-wide  \" data-id=\"d515_780\"  ><div class=\"tpgb-cont-in\">\n<div class=\"tpgb-container-col tpgb-block-8566_780 \" data-id=\"8566_780\"  ><\/div>\n\n<div class=\"tpgb-container-col tpgb-block-684c_780 \" data-id=\"684c_780\"  >\n<div class=\"tpgb-pro-paragraph tpgb-block-7773_780 \"><h3 class=\"pro-heading-inner\">Istanbul Chamber Art Gallery Exhibition<\/h3><div class=\"pro-paragraph-inner \"><p class=\"tpgb-propara-txt\">1998<\/p><\/div><\/div>\n<\/div>\n<\/div><\/div>\n\n<div  class=\"tpgb-container-row tpgb-block-7ed1_780     alignwide   tpgb-container-wide  \" data-id=\"7ed1_780\"  ><div class=\"tpgb-cont-in\">\n<div class=\"tpgb-container-col tpgb-block-5de9_780 \" data-id=\"5de9_780\"  >\n<div class=\"tpgb-pro-paragraph tpgb-block-81fd_780 \"><h3 class=\"pro-heading-inner\">Istanbul Kad\u0131k\u00f6y Seven Gallery Exhibition<\/h3><div class=\"pro-paragraph-inner \"><p class=\"tpgb-propara-txt\">1999<\/p><\/div><\/div>\n<\/div>\n\n<div class=\"tpgb-container-col tpgb-block-7828_780 \" data-id=\"7828_780\"  ><\/div>\n<\/div><\/div>\n\n<div  class=\"tpgb-container-row tpgb-block-6aba_780     alignwide   tpgb-container-wide  \" data-id=\"6aba_780\"  ><div class=\"tpgb-cont-in\">\n<div class=\"tpgb-container-col tpgb-block-23d0_780 \" data-id=\"23d0_780\"  ><\/div>\n\n<div class=\"tpgb-container-col tpgb-block-2bc4_780 \" data-id=\"2bc4_780\"  >\n<div class=\"tpgb-pro-paragraph tpgb-block-de1d_780 \"><h3 class=\"pro-heading-inner\">Bodrum Torba Street Exhibition<\/h3><div class=\"pro-paragraph-inner \"><p class=\"tpgb-propara-txt\">2002<\/p><\/div><\/div>\n<\/div>\n<\/div><\/div>\n\n<div  class=\"tpgb-container-row tpgb-block-acf1_780     alignwide   tpgb-container-wide  \" data-id=\"acf1_780\"  ><div class=\"tpgb-cont-in\">\n<div class=\"tpgb-container-col tpgb-block-4ff5_780 \" data-id=\"4ff5_780\"  >\n<div class=\"tpgb-pro-paragraph tpgb-block-eb83_780 \"><h3 class=\"pro-heading-inner\">Bodrum Sanat Galerisi Sergisi<\/h3><div class=\"pro-paragraph-inner \"><p class=\"tpgb-propara-txt\">2016<\/p><\/div><\/div>\n<\/div>\n\n<div class=\"tpgb-container-col tpgb-block-92a6_780 \" data-id=\"92a6_780\"  ><\/div>\n<\/div><\/div>\n\n<div  class=\"tpgb-container-row tpgb-block-6006_780     alignwide   tpgb-container-wide  \" data-id=\"6006_780\"  ><div class=\"tpgb-cont-in\">\n<div class=\"tpgb-container-col tpgb-block-1644_780 \" data-id=\"1644_780\"  ><\/div>\n\n<div class=\"tpgb-container-col tpgb-block-f744_780 \" data-id=\"f744_780\"  >\n<div class=\"tpgb-pro-paragraph tpgb-block-5f6e_780 \"><h3 class=\"pro-heading-inner\">Bodrum G\u00fcndo\u011fan Gallery Costa Exhibition<\/h3><div class=\"pro-paragraph-inner \"><p class=\"tpgb-propara-txt\">2017<\/p><\/div><\/div>\n<\/div>\n<\/div><\/div>\n\n<div  class=\"tpgb-container-row tpgb-block-df30_780     alignwide   tpgb-container-wide  \" data-id=\"df30_780\"  ><div class=\"tpgb-cont-in\">\n<div class=\"tpgb-container-col tpgb-block-d93d_780 \" data-id=\"d93d_780\"  >\n<div class=\"tpgb-pro-paragraph tpgb-block-83f2_780 \"><h3 class=\"pro-heading-inner\">Bodrum G\u00fcndo\u011fan Gallery Costa Exhibition<\/h3><div class=\"pro-paragraph-inner \"><p class=\"tpgb-propara-txt\">2018<\/p><\/div><\/div>\n<\/div>\n\n<div class=\"tpgb-container-col tpgb-block-8bf2_780 \" data-id=\"8bf2_780\"  ><\/div>\n<\/div><\/div>\n\n<div  class=\"tpgb-container-row tpgb-block-499c_780     alignwide   tpgb-container-wide  \" data-id=\"499c_780\"  ><div class=\"tpgb-cont-in\">\n<div class=\"tpgb-container-col tpgb-block-68b2_780 \" data-id=\"68b2_780\"  ><\/div>\n\n<div class=\"tpgb-container-col tpgb-block-ae0b_780 \" data-id=\"ae0b_780\"  >\n<div class=\"tpgb-pro-paragraph tpgb-block-03ec_780 \"><h3 class=\"pro-heading-inner\">Bodrum G\u00fcndo\u011fan Gallery Costa Exhibition<\/h3><div class=\"pro-paragraph-inner \"><p class=\"tpgb-propara-txt\">2019<\/p><\/div><\/div>\n<\/div>\n<\/div><\/div>\n\n<div  class=\"tpgb-container-row tpgb-block-1c4b_780     alignwide   tpgb-container-wide  \" data-id=\"1c4b_780\"  ><div class=\"tpgb-cont-in\">\n<div class=\"tpgb-container-col tpgb-block-70b7_780 \" data-id=\"70b7_780\"  >\n<div class=\"tpgb-pro-paragraph tpgb-block-3361_780 \"><h3 class=\"pro-heading-inner\">Bodrum Milta Marina Ottoman Shipyard<\/h3><div class=\"pro-paragraph-inner \"><p class=\"tpgb-propara-txt\">2020<\/p><\/div><\/div>\n<\/div>\n\n<div class=\"tpgb-container-col tpgb-block-0a6a_780 \" data-id=\"0a6a_780\"  ><\/div>\n<\/div><\/div>\n\n<div  class=\"tpgb-container-row tpgb-block-098f_780     alignwide   tpgb-container-wide  \" data-id=\"098f_780\"  ><div class=\"tpgb-cont-in\">\n<div class=\"tpgb-container-col tpgb-block-1339_780 \" data-id=\"1339_780\"  ><\/div>\n\n<div class=\"tpgb-container-col tpgb-block-e920_780 \" data-id=\"e920_780\"  >\n<div class=\"tpgb-pro-paragraph tpgb-block-5103_780 \"><h3 class=\"pro-heading-inner\">Bodrum Milta Marina Ottoman Shipyard<\/h3><div class=\"pro-paragraph-inner \"><p class=\"tpgb-propara-txt\">2021<\/p><\/div><\/div>\n<\/div>\n<\/div><\/div>\n\n<div  class=\"tpgb-container-row tpgb-block-02e1_780     alignwide   tpgb-container-wide  \" data-id=\"02e1_780\"  ><div class=\"tpgb-cont-in\">\n<div class=\"tpgb-container-col tpgb-block-47ac_780 \" data-id=\"47ac_780\"  >\n<div class=\"tpgb-pro-paragraph tpgb-block-a622_780 \"><h3 class=\"pro-heading-inner\">Istanbul IAAF Contemporary Art Fair<\/h3><div class=\"pro-paragraph-inner \"><p class=\"tpgb-propara-txt\">2021<\/p><\/div><\/div>\n<\/div>\n\n<div class=\"tpgb-container-col tpgb-block-bc8a_780 \" data-id=\"bc8a_780\"  ><\/div>\n<\/div><\/div>\n\n<div  class=\"tpgb-container-row tpgb-block-a88e_780     alignwide   tpgb-container-wide  \" data-id=\"a88e_780\"  ><div class=\"tpgb-cont-in\">\n<div class=\"tpgb-container-col tpgb-block-7cfd_780 \" data-id=\"7cfd_780\"  ><\/div>\n\n<div class=\"tpgb-container-col tpgb-block-53c3_780 \" data-id=\"53c3_780\"  >\n<div class=\"tpgb-pro-paragraph tpgb-block-b637_780 \"><h3 class=\"pro-heading-inner\">Ankara Artankara Contemporary Art Fair<\/h3><div class=\"pro-paragraph-inner \"><p class=\"tpgb-propara-txt\">2022<\/p><\/div><\/div>\n<\/div>\n<\/div><\/div>\n\n<div  class=\"tpgb-container-row tpgb-block-812d_780     alignwide   tpgb-container-wide  \" data-id=\"812d_780\"  ><div class=\"tpgb-cont-in\">\n<div class=\"tpgb-container-col tpgb-block-129d_780 \" data-id=\"129d_780\"  >\n<div class=\"tpgb-pro-paragraph tpgb-block-2ff3_780 \"><h3 class=\"pro-heading-inner\">Istanbul Gallery Hunchback Exhibition<\/h3><div class=\"pro-paragraph-inner \"><p class=\"tpgb-propara-txt\">2022<\/p><\/div><\/div>\n<\/div>\n\n<div class=\"tpgb-container-col tpgb-block-de23_780 \" data-id=\"de23_780\"  ><\/div>\n<\/div><\/div>\n\n<div  class=\"tpgb-container-row tpgb-block-db1f_780     alignwide   tpgb-container-wide  \" data-id=\"db1f_780\"  ><div class=\"tpgb-cont-in\">\n<div class=\"tpgb-container-col tpgb-block-0226_780 \" data-id=\"0226_780\"  ><\/div>\n\n<div class=\"tpgb-container-col tpgb-block-57d5_780 \" data-id=\"57d5_780\"  >\n<div class=\"tpgb-pro-paragraph tpgb-block-f096_780 \"><h3 class=\"pro-heading-inner\">Bodrum BAAF Contemporary Art Fair<\/h3><div class=\"pro-paragraph-inner \"><p class=\"tpgb-propara-txt\">2022<\/p><\/div><\/div>\n<\/div>\n<\/div><\/div>","protected":false},"excerpt":{"rendered":"","protected":false},"author":1,"featured_media":0,"parent":0,"menu_order":0,"comment_status":"closed","ping_status":"closed","template":"","meta":{"_acf_changed":false,"tpgb_global_settings":"","powered_cache_disable_cache":false,"powered_cache_disable_lazyload":false,"powered_cache_disable_css_optimization":false,"powered_cache_disable_js_optimization":false,"powered_cache_disable_js_defer":false,"powered_cache_disable_js_delay":false,"footnotes":""},"class_list":["post-780","page","type-page","status-publish","hentry"],"acf":[],"tpgb_featured_images":null,"tpgb_post_meta_info":{"get_date":"20 January 2024","get_modified_date":"8 March 2024","author_name":"tamersahinoglu","author_url":"https:\/\/tamersahinoglu.com\/en\/author\/tamersahinoglu\/","author_email":"info@bw.agency","author_website":"https:\/\/tamersahinoglu.com","author_description":"","author_facebook":"","author_twitter":"","author_instagram":"","author_role":["administrator"],"author_firstname":"","author_lastname":"","user_login":"tamersahinoglu","author_avatar":"<img alt='' src='https:\/\/secure.gravatar.com\/avatar\/0b62641e64017fcfad17262c1f2f6d64eb89bc075ba90169eb0a865c8d52d7c2?s=200&#038;d=mm&#038;r=g' srcset='https:\/\/secure.gravatar.com\/avatar\/0b62641e64017fcfad17262c1f2f6d64eb89bc075ba90169eb0a865c8d52d7c2?s=400&#038;d=mm&#038;r=g 2x' class='avatar avatar-200 photo' height='200' width='200' decoding='async'\/>","author_avatar_url":"https:\/\/secure.gravatar.com\/avatar\/0b62641e64017fcfad17262c1f2f6d64eb89bc075ba90169eb0a865c8d52d7c2?s=96&d=mm&r=g","comment_count":0,"post_likes":0,"post_views":0},"tpgb_post_category":[],"_links":{"self":[{"href":"https:\/\/tamersahinoglu.com\/en\/wp-json\/wp\/v2\/pages\/780","targetHints":{"allow":["GET"]}}],"collection":[{"href":"https:\/\/tamersahinoglu.com\/en\/wp-json\/wp\/v2\/pages"}],"about":[{"href":"https:\/\/tamersahinoglu.com\/en\/wp-json\/wp\/v2\/types\/page"}],"author":[{"embeddable":true,"href":"https:\/\/tamersahinoglu.com\/en\/wp-json\/wp\/v2\/users\/1"}],"replies":[{"embeddable":true,"href":"https:\/\/tamersahinoglu.com\/en\/wp-json\/wp\/v2\/comments?post=780"}],"version-history":[{"count":0,"href":"https:\/\/tamersahinoglu.com\/en\/wp-json\/wp\/v2\/pages\/780\/revisions"}],"wp:attachment":[{"href":"https:\/\/tamersahinoglu.com\/en\/wp-json\/wp\/v2\/media?parent=780"}],"curies":[{"name":"wp","href":"https:\/\/api.w.org\/{rel}","templated":true}]}}